{"id":487,"date":"2022-08-08T22:15:06","date_gmt":"2022-08-08T20:15:06","guid":{"rendered":"http:\/\/tangentearchitecture.fr\/?page_id=487"},"modified":"2023-02-27T14:23:30","modified_gmt":"2023-02-27T13:23:30","slug":"renovation-dune-annexe-a-une-habitation-arradon","status":"publish","type":"page","link":"https:\/\/tangentearchitecture.fr\/?page_id=487","title":{"rendered":"R\u00e9novation d&rsquo;une annexe \u00e0 une habitation &#8211; Arradon"},"content":{"rendered":"<p>[et_pb_section fb_built=\u00a0\u00bb1&Prime; fullwidth=\u00a0\u00bbon\u00a0\u00bb _builder_version=\u00a0\u00bb4.9.0&Prime; _module_preset=\u00a0\u00bbdefault\u00a0\u00bb][et_pb_fullwidth_slider arrows_custom_color=\u00a0\u00bbRGBA(0,0,0,0)\u00a0\u00bb dot_nav_custom_color=\u00a0\u00bb#000000&Prime; _builder_version=\u00a0\u00bb4.9.0&Prime; _module_preset=\u00a0\u00bbdefault\u00a0\u00bb min_height=\u00a0\u00bb901px\u00a0\u00bb custom_margin=\u00a0\u00bb||2px|||\u00a0\u00bb custom_padding=\u00a0\u00bb||0px|||\u00a0\u00bb auto=\u00a0\u00bbon\u00a0\u00bb auto_speed=\u00a0\u00bb4000&Prime;][et_pb_slide heading=\u00a0\u00bbR\u00e9novation d&rsquo;une annexe \u00e0 une habitation &#8211; Arradon\u00a0\u00bb use_bg_overlay=\u00a0\u00bbon\u00a0\u00bb arrows_custom_color=\u00a0\u00bb#000000&Prime; dot_nav_custom_color=\u00a0\u00bb#000000&Prime; _builder_version=\u00a0\u00bb4.9.0&Prime; _module_preset=\u00a0\u00bbdefault\u00a0\u00bb header_level=\u00a0\u00bbh1&Prime; header_font=\u00a0\u00bbJosefin Sans||||||||\u00a0\u00bb header_font_size=\u00a0\u00bb86px\u00a0\u00bb header_letter_spacing=\u00a0\u00bb6px\u00a0\u00bb background_image=\u00a0\u00bbhttps:\/\/tangentearchitecture.fr\/wp-content\/uploads\/2022\/08\/insertion-rue-scaled.jpg\u00a0\u00bb background_enable_image=\u00a0\u00bbon\u00a0\u00bb transform_translate_linked=\u00a0\u00bboff\u00a0\u00bb header_font_size_tablet=\u00a0\u00bb60px\u00a0\u00bb header_font_size_phone=\u00a0\u00bb33px\u00a0\u00bb header_font_size_last_edited=\u00a0\u00bbon|phone\u00a0\u00bb sticky_transition=\u00a0\u00bbon\u00a0\u00bb]<\/p>\n<p>&nbsp;<\/p>\n<p>&nbsp;<\/p>\n<p>&nbsp;<\/p>\n<p>&nbsp;<\/p>\n<p>&nbsp;<\/p>\n<p>&nbsp;<\/p>\n<p>&nbsp;<\/p>\n<p>&nbsp;<\/p>\n<p>[\/et_pb_slide][\/et_pb_fullwidth_slider][\/et_pb_section][et_pb_section fb_built=\u00a0\u00bb1&Prime; _builder_version=\u00a0\u00bb4.9.0&Prime; _module_preset=\u00a0\u00bbdefault\u00a0\u00bb background_color=\u00a0\u00bb#FFFFFF\u00a0\u00bb hover_enabled=\u00a0\u00bb0&Prime; sticky_enabled=\u00a0\u00bb0&Prime;][et_pb_row column_structure=\u00a0\u00bb1_2,1_2&Prime; _builder_version=\u00a0\u00bb4.9.0&Prime; _module_preset=\u00a0\u00bbdefault\u00a0\u00bb][et_pb_column type=\u00a0\u00bb1_2&Prime; _builder_version=\u00a0\u00bb4.9.0&Prime; _module_preset=\u00a0\u00bbdefault\u00a0\u00bb][et_pb_text _builder_version=\u00a0\u00bb4.9.0&Prime; _module_preset=\u00a0\u00bbdefault\u00a0\u00bb text_font=\u00a0\u00bbJosefin Sans||||||||\u00a0\u00bb text_font_size=\u00a0\u00bb14pt\u00a0\u00bb header_font=\u00a0\u00bbJosefin Sans||||||||\u00a0\u00bb header_font_size=\u00a0\u00bb30pt\u00a0\u00bb header_letter_spacing=\u00a0\u00bb9px\u00a0\u00bb custom_padding=\u00a0\u00bb0px|||||\u00a0\u00bb header_letter_spacing_tablet=\u00a0\u00bb\u00a0\u00bb header_letter_spacing_phone=\u00a0\u00bb\u00a0\u00bb header_letter_spacing_last_edited=\u00a0\u00bbon|desktop\u00a0\u00bb]<\/p>\n<p style=\"text-align: justify;\">Afin de pouvoir habiter \u00e0 l&rsquo;ann\u00e9e dans cette maison, les propri\u00e9taires ont souhait\u00e9 am\u00e9nager un b\u00e2timent annexe \u00e0 leur habitation. Celle-ci permettra d&rsquo;accueillir les enfants le temps d&rsquo;un week-end, ou encore, servira de bureau ou d&rsquo;espace de convivialit\u00e9 avec la cr\u00e9ation d&rsquo;un espace-bar au rez-de-chauss\u00e9e. Pour pouvoir optimiser la surface de l&rsquo;\u00e9tage, une large lucarne est cr\u00e9\u00e9 dans la toiture existante. La superficie de la chambre se retrouve ainsi doubl\u00e9e, et un vraie salle de douche peut \u00eatre cr\u00e9\u00e9e. Un coin biblioth\u00e8que est \u00e9galement am\u00e9nag\u00e9 sous les combles.<\/p>\n<p>[\/et_pb_text][\/et_pb_column][et_pb_column type=\u00a0\u00bb1_2&Prime; _builder_version=\u00a0\u00bb4.9.0&Prime; _module_preset=\u00a0\u00bbdefault\u00a0\u00bb][et_pb_text _builder_version=\u00a0\u00bb4.9.0&Prime; _module_preset=\u00a0\u00bbdefault\u00a0\u00bb text_font=\u00a0\u00bbJosefin Sans||||||||\u00a0\u00bb text_font_size=\u00a0\u00bb14pt\u00a0\u00bb header_font=\u00a0\u00bbJosefin Sans||||||||\u00a0\u00bb header_font_size=\u00a0\u00bb31px\u00a0\u00bb header_letter_spacing=\u00a0\u00bb4px\u00a0\u00bb transform_scale_tablet=\u00a0\u00bb\u00a0\u00bb transform_scale_phone=\u00a0\u00bb\u00a0\u00bb transform_scale_last_edited=\u00a0\u00bbon|phone\u00a0\u00bb transform_translate=\u00a0\u00bb28px|0px\u00a0\u00bb transform_translate_tablet=\u00a0\u00bb\u00a0\u00bb transform_translate_phone=\u00a0\u00bb0px|0px\u00a0\u00bb transform_translate_last_edited=\u00a0\u00bbon|phone\u00a0\u00bb transform_translate_linked=\u00a0\u00bboff\u00a0\u00bb transform_rotate_tablet=\u00a0\u00bb\u00a0\u00bb transform_rotate_phone=\u00a0\u00bb\u00a0\u00bb transform_rotate_last_edited=\u00a0\u00bbon|phone\u00a0\u00bb transform_skew_tablet=\u00a0\u00bb\u00a0\u00bb transform_skew_phone=\u00a0\u00bb\u00a0\u00bb transform_skew_last_edited=\u00a0\u00bbon|phone\u00a0\u00bb transform_origin_tablet=\u00a0\u00bb\u00a0\u00bb transform_origin_phone=\u00a0\u00bb\u00a0\u00bb transform_origin_last_edited=\u00a0\u00bbon|phone\u00a0\u00bb transform_styles_last_edited=\u00a0\u00bbon|phone\u00a0\u00bb custom_padding=\u00a0\u00bb|||50pt|false|false\u00a0\u00bb custom_padding_tablet=\u00a0\u00bb\u00a0\u00bb custom_padding_phone=\u00a0\u00bb|||0pt|false|false\u00a0\u00bb custom_padding_last_edited=\u00a0\u00bbon|phone\u00a0\u00bb header_font_size_tablet=\u00a0\u00bb\u00a0\u00bb header_font_size_phone=\u00a0\u00bb23px\u00a0\u00bb header_font_size_last_edited=\u00a0\u00bbon|phone\u00a0\u00bb transform_styles_tablet=\u00a0\u00bb\u00a0\u00bb transform_styles_phone=\u00a0\u00bb\u00a0\u00bb border_style_all=\u00a0\u00bbsolid\u00a0\u00bb border_width_left=\u00a0\u00bb3px\u00a0\u00bb border_style_all_tablet=\u00a0\u00bb\u00a0\u00bb border_style_all_phone=\u00a0\u00bbnone\u00a0\u00bb border_style_all_last_edited=\u00a0\u00bbon|phone\u00a0\u00bb]<\/p>\n<h2>Ma\u00eetre d\u2019ouvrage :<\/h2>\n<p>MOA priv\u00e9e<\/p>\n<h2>Surface :<\/h2>\n<p>37m\u00b2<\/p>\n<h2>Dates du projet :<\/h2>\n<p>2022<\/p>\n<h2>Mission :<\/h2>\n<p>Mission compl\u00e8te<\/p>\n<h2>Statut :<\/h2>\n<p>Permis accept\u00e9 &#8211; phase PRO\/DCE<\/p>\n<h2>Programme :<\/h2>\n<p>R\u00e9novation d&rsquo;une annexe \u00e0 une habitation<\/p>\n<h2>Co\u00fbt :<\/h2>\n<p>120 000 \u20acHT<\/p>\n<p>[\/et_pb_text][\/et_pb_column][\/et_pb_row][\/et_pb_section][et_pb_section fb_built=\u00a0\u00bb1&Prime; _builder_version=\u00a0\u00bb4.9.0&Prime; _module_preset=\u00a0\u00bbdefault\u00a0\u00bb background_color=\u00a0\u00bb#FFFFFF\u00a0\u00bb hover_enabled=\u00a0\u00bb0&Prime; sticky_enabled=\u00a0\u00bb0&Prime;][et_pb_row _builder_version=\u00a0\u00bb4.9.0&Prime; _module_preset=\u00a0\u00bbdefault\u00a0\u00bb][et_pb_column type=\u00a0\u00bb4_4&Prime; _builder_version=\u00a0\u00bb4.9.0&Prime; _module_preset=\u00a0\u00bbdefault\u00a0\u00bb][dsm_masonry_gallery gallery_ids=\u00a0\u00bb497,496,491,492,493,494&Prime; columns=\u00a0\u00bb1&Prime; gutter=\u00a0\u00bb27&Prime; use_lightbox=\u00a0\u00bbon\u00a0\u00bb columns_tablet=\u00a0\u00bb\u00a0\u00bb columns_phone=\u00a0\u00bb1&Prime; columns_last_edited=\u00a0\u00bbon|phone\u00a0\u00bb _builder_version=\u00a0\u00bb4.9.0&Prime; _module_preset=\u00a0\u00bbdefault\u00a0\u00bb border_radii=\u00a0\u00bbon|1px|1px|1px|1px\u00a0\u00bb border_color_all=\u00a0\u00bb#000000&Prime;][\/dsm_masonry_gallery][\/et_pb_column][\/et_pb_row][\/et_pb_section]<\/p>\n","protected":false},"excerpt":{"rendered":"<p>[et_pb_section fb_built=\u00a0\u00bb1&Prime; fullwidth=\u00a0\u00bbon\u00a0\u00bb _builder_version=\u00a0\u00bb4.9.0&Prime; _module_preset=\u00a0\u00bbdefault\u00a0\u00bb][et_pb_fullwidth_slider arrows_custom_color=\u00a0\u00bbRGBA(0,0,0,0)\u00a0\u00bb dot_nav_custom_color=\u00a0\u00bb#000000&Prime; _builder_version=\u00a0\u00bb4.9.0&Prime; _module_preset=\u00a0\u00bbdefault\u00a0\u00bb min_height=\u00a0\u00bb901px\u00a0\u00bb custom_margin=\u00a0\u00bb||2px|||\u00a0\u00bb custom_padding=\u00a0\u00bb||0px|||\u00a0\u00bb auto=\u00a0\u00bbon\u00a0\u00bb auto_speed=\u00a0\u00bb4000&Prime;][et_pb_slide heading=\u00a0\u00bbR\u00e9novation d&rsquo;une annexe \u00e0 une habitation &#8211; Arradon\u00a0\u00bb use_bg_overlay=\u00a0\u00bbon\u00a0\u00bb arrows_custom_color=\u00a0\u00bb#000000&Prime; dot_nav_custom_color=\u00a0\u00bb#000000&Prime; _builder_version=\u00a0\u00bb4.9.0&Prime; _module_preset=\u00a0\u00bbdefault\u00a0\u00bb header_level=\u00a0\u00bbh1&Prime; header_font=\u00a0\u00bbJosefin Sans||||||||\u00a0\u00bb header_font_size=\u00a0\u00bb86px\u00a0\u00bb header_letter_spacing=\u00a0\u00bb6px\u00a0\u00bb background_image=\u00a0\u00bbhttps:\/\/tangentearchitecture.fr\/wp-content\/uploads\/2022\/08\/insertion-rue-scaled.jpg\u00a0\u00bb background_enable_image=\u00a0\u00bbon\u00a0\u00bb transform_translate_linked=\u00a0\u00bboff\u00a0\u00bb header_font_size_tablet=\u00a0\u00bb60px\u00a0\u00bb header_font_size_phone=\u00a0\u00bb33px\u00a0\u00bb header_font_size_last_edited=\u00a0\u00bbon|phone\u00a0\u00bb sticky_transition=\u00a0\u00bbon\u00a0\u00bb] &nbsp; &nbsp; &nbsp; &nbsp; &nbsp; &nbsp; &nbsp; &nbsp; [\/et_pb_slide][\/et_pb_fullwidth_slider][\/et_pb_section][et_pb_section fb_built=\u00a0\u00bb1&Prime; _builder_version=\u00a0\u00bb4.9.0&Prime; _module_preset=\u00a0\u00bbdefault\u00a0\u00bb background_color=\u00a0\u00bb#FFFFFF\u00a0\u00bb hover_enabled=\u00a0\u00bb0&Prime; sticky_enabled=\u00a0\u00bb0&Prime;][et_pb_row column_structure=\u00a0\u00bb1_2,1_2&Prime; [&hellip;]<\/p>\n","protected":false},"author":1,"featured_media":0,"parent":0,"menu_order":0,"comment_status":"closed","ping_status":"closed","template":"","meta":{"_et_pb_use_builder":"on","_et_pb_old_content":"","_et_gb_content_width":""},"yoast_head":"<!-- This site is optimized with the Yoast SEO plugin v19.12 - https:\/\/yoast.com\/wordpress\/plugins\/seo\/ -->\n<title>R\u00e9novation d&#039;une annexe \u00e0 une habitation - Arradon - Tangente Architecture<\/title>\n<meta name=\"robots\" content=\"index, follow, max-snippet:-1, max-image-preview:large, max-video-preview:-1\" \/>\n<link rel=\"canonical\" href=\"https:\/\/tangentearchitecture.fr\/?page_id=487\" \/>\n<meta property=\"og:locale\" content=\"fr_FR\" \/>\n<meta property=\"og:type\" content=\"article\" \/>\n<meta property=\"og:title\" content=\"R\u00e9novation d&#039;une annexe \u00e0 une habitation - Arradon - Tangente Architecture\" \/>\n<meta property=\"og:description\" content=\"[et_pb_section fb_built=\u00a0\u00bb1&Prime; fullwidth=\u00a0\u00bbon\u00a0\u00bb _builder_version=\u00a0\u00bb4.9.0&Prime; _module_preset=\u00a0\u00bbdefault\u00a0\u00bb][et_pb_fullwidth_slider arrows_custom_color=\u00a0\u00bbRGBA(0,0,0,0)\u00a0\u00bb dot_nav_custom_color=\u00a0\u00bb#000000&Prime; _builder_version=\u00a0\u00bb4.9.0&Prime; _module_preset=\u00a0\u00bbdefault\u00a0\u00bb min_height=\u00a0\u00bb901px\u00a0\u00bb custom_margin=\u00a0\u00bb||2px|||\u00a0\u00bb custom_padding=\u00a0\u00bb||0px|||\u00a0\u00bb auto=\u00a0\u00bbon\u00a0\u00bb auto_speed=\u00a0\u00bb4000&Prime;][et_pb_slide heading=\u00a0\u00bbR\u00e9novation d&rsquo;une annexe \u00e0 une habitation &#8211; Arradon\u00a0\u00bb use_bg_overlay=\u00a0\u00bbon\u00a0\u00bb arrows_custom_color=\u00a0\u00bb#000000&Prime; dot_nav_custom_color=\u00a0\u00bb#000000&Prime; _builder_version=\u00a0\u00bb4.9.0&Prime; _module_preset=\u00a0\u00bbdefault\u00a0\u00bb header_level=\u00a0\u00bbh1&Prime; header_font=\u00a0\u00bbJosefin Sans||||||||\u00a0\u00bb header_font_size=\u00a0\u00bb86px\u00a0\u00bb header_letter_spacing=\u00a0\u00bb6px\u00a0\u00bb background_image=\u00a0\u00bbhttps:\/\/tangentearchitecture.fr\/wp-content\/uploads\/2022\/08\/insertion-rue-scaled.jpg\u00a0\u00bb background_enable_image=\u00a0\u00bbon\u00a0\u00bb transform_translate_linked=\u00a0\u00bboff\u00a0\u00bb header_font_size_tablet=\u00a0\u00bb60px\u00a0\u00bb header_font_size_phone=\u00a0\u00bb33px\u00a0\u00bb header_font_size_last_edited=\u00a0\u00bbon|phone\u00a0\u00bb sticky_transition=\u00a0\u00bbon\u00a0\u00bb] &nbsp; &nbsp; &nbsp; &nbsp; &nbsp; &nbsp; &nbsp; &nbsp; [\/et_pb_slide][\/et_pb_fullwidth_slider][\/et_pb_section][et_pb_section fb_built=\u00a0\u00bb1&Prime; _builder_version=\u00a0\u00bb4.9.0&Prime; _module_preset=\u00a0\u00bbdefault\u00a0\u00bb background_color=\u00a0\u00bb#FFFFFF\u00a0\u00bb hover_enabled=\u00a0\u00bb0&Prime; sticky_enabled=\u00a0\u00bb0&Prime;][et_pb_row column_structure=\u00a0\u00bb1_2,1_2&Prime; [&hellip;]\" \/>\n<meta property=\"og:url\" content=\"https:\/\/tangentearchitecture.fr\/?page_id=487\" \/>\n<meta property=\"og:site_name\" content=\"Tangente Architecture\" \/>\n<meta property=\"article:modified_time\" content=\"2023-02-27T13:23:30+00:00\" \/>\n<meta name=\"twitter:card\" content=\"summary_large_image\" \/>\n<meta name=\"twitter:label1\" content=\"Dur\u00e9e de lecture estim\u00e9e\" \/>\n\t<meta name=\"twitter:data1\" content=\"3 minutes\" \/>\n<script type=\"application\/ld+json\" class=\"yoast-schema-graph\">{\"@context\":\"https:\/\/schema.org\",\"@graph\":[{\"@type\":\"WebPage\",\"@id\":\"https:\/\/tangentearchitecture.fr\/?page_id=487\",\"url\":\"https:\/\/tangentearchitecture.fr\/?page_id=487\",\"name\":\"R\u00e9novation d'une annexe \u00e0 une habitation - Arradon - Tangente Architecture\",\"isPartOf\":{\"@id\":\"https:\/\/tangentearchitecture.fr\/#website\"},\"datePublished\":\"2022-08-08T20:15:06+00:00\",\"dateModified\":\"2023-02-27T13:23:30+00:00\",\"breadcrumb\":{\"@id\":\"https:\/\/tangentearchitecture.fr\/?page_id=487#breadcrumb\"},\"inLanguage\":\"fr-FR\",\"potentialAction\":[{\"@type\":\"ReadAction\",\"target\":[\"https:\/\/tangentearchitecture.fr\/?page_id=487\"]}]},{\"@type\":\"BreadcrumbList\",\"@id\":\"https:\/\/tangentearchitecture.fr\/?page_id=487#breadcrumb\",\"itemListElement\":[{\"@type\":\"ListItem\",\"position\":1,\"name\":\"Accueil\",\"item\":\"https:\/\/tangentearchitecture.fr\/\"},{\"@type\":\"ListItem\",\"position\":2,\"name\":\"R\u00e9novation d&rsquo;une annexe \u00e0 une habitation &#8211; Arradon\"}]},{\"@type\":\"WebSite\",\"@id\":\"https:\/\/tangentearchitecture.fr\/#website\",\"url\":\"https:\/\/tangentearchitecture.fr\/\",\"name\":\"Tangente Architecture\",\"description\":\"Architecte Vannes\",\"publisher\":{\"@id\":\"https:\/\/tangentearchitecture.fr\/#organization\"},\"alternateName\":\"Tangente\",\"potentialAction\":[{\"@type\":\"SearchAction\",\"target\":{\"@type\":\"EntryPoint\",\"urlTemplate\":\"https:\/\/tangentearchitecture.fr\/?s={search_term_string}\"},\"query-input\":\"required name=search_term_string\"}],\"inLanguage\":\"fr-FR\"},{\"@type\":\"Organization\",\"@id\":\"https:\/\/tangentearchitecture.fr\/#organization\",\"name\":\"Tangente Architecture\",\"alternateName\":\"Tangente\",\"url\":\"https:\/\/tangentearchitecture.fr\/\",\"logo\":{\"@type\":\"ImageObject\",\"inLanguage\":\"fr-FR\",\"@id\":\"https:\/\/tangentearchitecture.fr\/#\/schema\/logo\/image\/\",\"url\":\"https:\/\/tangentearchitecture.fr\/wp-content\/uploads\/2022\/06\/Logo_Tangente_2.png\",\"contentUrl\":\"https:\/\/tangentearchitecture.fr\/wp-content\/uploads\/2022\/06\/Logo_Tangente_2.png\",\"width\":5036,\"height\":1398,\"caption\":\"Tangente Architecture\"},\"image\":{\"@id\":\"https:\/\/tangentearchitecture.fr\/#\/schema\/logo\/image\/\"}}]}<\/script>\n<!-- \/ Yoast SEO plugin. -->","yoast_head_json":{"title":"R\u00e9novation d'une annexe \u00e0 une habitation - Arradon - Tangente Architecture","robots":{"index":"index","follow":"follow","max-snippet":"max-snippet:-1","max-image-preview":"max-image-preview:large","max-video-preview":"max-video-preview:-1"},"canonical":"https:\/\/tangentearchitecture.fr\/?page_id=487","og_locale":"fr_FR","og_type":"article","og_title":"R\u00e9novation d'une annexe \u00e0 une habitation - Arradon - Tangente Architecture","og_description":"[et_pb_section fb_built=\u00a0\u00bb1&Prime; fullwidth=\u00a0\u00bbon\u00a0\u00bb _builder_version=\u00a0\u00bb4.9.0&Prime; _module_preset=\u00a0\u00bbdefault\u00a0\u00bb][et_pb_fullwidth_slider arrows_custom_color=\u00a0\u00bbRGBA(0,0,0,0)\u00a0\u00bb dot_nav_custom_color=\u00a0\u00bb#000000&Prime; _builder_version=\u00a0\u00bb4.9.0&Prime; _module_preset=\u00a0\u00bbdefault\u00a0\u00bb min_height=\u00a0\u00bb901px\u00a0\u00bb custom_margin=\u00a0\u00bb||2px|||\u00a0\u00bb custom_padding=\u00a0\u00bb||0px|||\u00a0\u00bb auto=\u00a0\u00bbon\u00a0\u00bb auto_speed=\u00a0\u00bb4000&Prime;][et_pb_slide heading=\u00a0\u00bbR\u00e9novation d&rsquo;une annexe \u00e0 une habitation &#8211; Arradon\u00a0\u00bb use_bg_overlay=\u00a0\u00bbon\u00a0\u00bb arrows_custom_color=\u00a0\u00bb#000000&Prime; dot_nav_custom_color=\u00a0\u00bb#000000&Prime; _builder_version=\u00a0\u00bb4.9.0&Prime; _module_preset=\u00a0\u00bbdefault\u00a0\u00bb header_level=\u00a0\u00bbh1&Prime; header_font=\u00a0\u00bbJosefin Sans||||||||\u00a0\u00bb header_font_size=\u00a0\u00bb86px\u00a0\u00bb header_letter_spacing=\u00a0\u00bb6px\u00a0\u00bb background_image=\u00a0\u00bbhttps:\/\/tangentearchitecture.fr\/wp-content\/uploads\/2022\/08\/insertion-rue-scaled.jpg\u00a0\u00bb background_enable_image=\u00a0\u00bbon\u00a0\u00bb transform_translate_linked=\u00a0\u00bboff\u00a0\u00bb header_font_size_tablet=\u00a0\u00bb60px\u00a0\u00bb header_font_size_phone=\u00a0\u00bb33px\u00a0\u00bb header_font_size_last_edited=\u00a0\u00bbon|phone\u00a0\u00bb sticky_transition=\u00a0\u00bbon\u00a0\u00bb] &nbsp; &nbsp; &nbsp; &nbsp; &nbsp; &nbsp; &nbsp; &nbsp; [\/et_pb_slide][\/et_pb_fullwidth_slider][\/et_pb_section][et_pb_section fb_built=\u00a0\u00bb1&Prime; _builder_version=\u00a0\u00bb4.9.0&Prime; _module_preset=\u00a0\u00bbdefault\u00a0\u00bb background_color=\u00a0\u00bb#FFFFFF\u00a0\u00bb hover_enabled=\u00a0\u00bb0&Prime; sticky_enabled=\u00a0\u00bb0&Prime;][et_pb_row column_structure=\u00a0\u00bb1_2,1_2&Prime; [&hellip;]","og_url":"https:\/\/tangentearchitecture.fr\/?page_id=487","og_site_name":"Tangente Architecture","article_modified_time":"2023-02-27T13:23:30+00:00","twitter_card":"summary_large_image","twitter_misc":{"Dur\u00e9e de lecture estim\u00e9e":"3 minutes"},"schema":{"@context":"https:\/\/schema.org","@graph":[{"@type":"WebPage","@id":"https:\/\/tangentearchitecture.fr\/?page_id=487","url":"https:\/\/tangentearchitecture.fr\/?page_id=487","name":"R\u00e9novation d'une annexe \u00e0 une habitation - Arradon - Tangente Architecture","isPartOf":{"@id":"https:\/\/tangentearchitecture.fr\/#website"},"datePublished":"2022-08-08T20:15:06+00:00","dateModified":"2023-02-27T13:23:30+00:00","breadcrumb":{"@id":"https:\/\/tangentearchitecture.fr\/?page_id=487#breadcrumb"},"inLanguage":"fr-FR","potentialAction":[{"@type":"ReadAction","target":["https:\/\/tangentearchitecture.fr\/?page_id=487"]}]},{"@type":"BreadcrumbList","@id":"https:\/\/tangentearchitecture.fr\/?page_id=487#breadcrumb","itemListElement":[{"@type":"ListItem","position":1,"name":"Accueil","item":"https:\/\/tangentearchitecture.fr\/"},{"@type":"ListItem","position":2,"name":"R\u00e9novation d&rsquo;une annexe \u00e0 une habitation &#8211; Arradon"}]},{"@type":"WebSite","@id":"https:\/\/tangentearchitecture.fr\/#website","url":"https:\/\/tangentearchitecture.fr\/","name":"Tangente Architecture","description":"Architecte Vannes","publisher":{"@id":"https:\/\/tangentearchitecture.fr\/#organization"},"alternateName":"Tangente","potentialAction":[{"@type":"SearchAction","target":{"@type":"EntryPoint","urlTemplate":"https:\/\/tangentearchitecture.fr\/?s={search_term_string}"},"query-input":"required name=search_term_string"}],"inLanguage":"fr-FR"},{"@type":"Organization","@id":"https:\/\/tangentearchitecture.fr\/#organization","name":"Tangente Architecture","alternateName":"Tangente","url":"https:\/\/tangentearchitecture.fr\/","logo":{"@type":"ImageObject","inLanguage":"fr-FR","@id":"https:\/\/tangentearchitecture.fr\/#\/schema\/logo\/image\/","url":"https:\/\/tangentearchitecture.fr\/wp-content\/uploads\/2022\/06\/Logo_Tangente_2.png","contentUrl":"https:\/\/tangentearchitecture.fr\/wp-content\/uploads\/2022\/06\/Logo_Tangente_2.png","width":5036,"height":1398,"caption":"Tangente Architecture"},"image":{"@id":"https:\/\/tangentearchitecture.fr\/#\/schema\/logo\/image\/"}}]}},"_links":{"self":[{"href":"https:\/\/tangentearchitecture.fr\/index.php?rest_route=\/wp\/v2\/pages\/487"}],"collection":[{"href":"https:\/\/tangentearchitecture.fr\/index.php?rest_route=\/wp\/v2\/pages"}],"about":[{"href":"https:\/\/tangentearchitecture.fr\/index.php?rest_route=\/wp\/v2\/types\/page"}],"author":[{"embeddable":true,"href":"https:\/\/tangentearchitecture.fr\/index.php?rest_route=\/wp\/v2\/users\/1"}],"replies":[{"embeddable":true,"href":"https:\/\/tangentearchitecture.fr\/index.php?rest_route=%2Fwp%2Fv2%2Fcomments&post=487"}],"version-history":[{"count":11,"href":"https:\/\/tangentearchitecture.fr\/index.php?rest_route=\/wp\/v2\/pages\/487\/revisions"}],"predecessor-version":[{"id":656,"href":"https:\/\/tangentearchitecture.fr\/index.php?rest_route=\/wp\/v2\/pages\/487\/revisions\/656"}],"wp:attachment":[{"href":"https:\/\/tangentearchitecture.fr\/index.php?rest_route=%2Fwp%2Fv2%2Fmedia&parent=487"}],"curies":[{"name":"wp","href":"https:\/\/api.w.org\/{rel}","templated":true}]}}